{"id":14604,"date":"2023-08-15T17:36:34","date_gmt":"2023-08-15T15:36:34","guid":{"rendered":"https:\/\/inlingua-global.com\/enregistra\/"},"modified":"2025-12-15T14:02:35","modified_gmt":"2025-12-15T13:02:35","slug":"enregistra","status":"publish","type":"page","link":"https:\/\/inlingua-global.com\/ca\/enregistra\/","title":{"rendered":"Enregistra"},"content":{"rendered":"<section class=\"l-section wpb_row height_auto\"><div class=\"l-section-h i-cf\"><div class=\"g-cols vc_row via_flex valign_top type_default stacking_default\"><div class=\"vc_col-sm-12 wpb_column vc_column_container\"><div class=\"vc_column-inner\"><div class=\"wpb_wrapper\"><div class=\"wpb_text_column\"><div class=\"wpb_wrapper\"><h1>Registro<\/h1>\n<p>Necessitem les teves dades per connectar amb la prova de nivell.<\/p>\n<div class=\"woocommerce-notices-wrapper\"><\/div>\n<form method=\"post\" class=\"woocommerce-form woocommerce-form-register register\"  >\n\n    <p class=\"form-row form-row-first\">\n        <label for=\"reg_billing_first_name\">Nom <span class=\"required\">*<\/span><\/label>\n        <input type=\"text\" class=\"input-text\" name=\"billing_first_name\" id=\"reg_billing_first_name\" value=\"\" \/>\n    <\/p>\n    <p class=\"form-row form-row-last\">\n        <label for=\"reg_billing_last_name\">Cognoms <span class=\"required\">*<\/span><\/label>\n        <input type=\"text\" class=\"input-text\" name=\"billing_last_name\" id=\"reg_billing_last_name\" value=\"\" \/>\n    <\/p>\n    <div class=\"clear\"><\/div>\n    \n\n<p class=\"woocommerce-form-row woocommerce-form-row--wide form-row form-row-wide\">\n\n<label for=\"reg_email\">Adre\u00e7a de correu electr\u00f2nic <span class=\"required\">*<\/span><\/label>\n\n<input type=\"email\" class=\"woocommerce-Input woocommerce-Input--text input-text\" name=\"email\" id=\"reg_email\" autocomplete=\"email\" value=\"\" \/>\n<\/p>\n\n\n<p class=\"password-field-container woocommerce-form-row woocommerce-form-row--wide form-row form-row-wide\">\n\n<label for=\"reg_password\">Contrasenya <span class=\"required\">*<\/span><\/label>\n\n<input type=\"password\" class=\"woocommerce-Input woocommerce-Input--text input-text\" name=\"password\" id=\"reg_password\" autocomplete=\"new-password\" \/>\n<span toggle=\"#reg_password\" class=\"woocommerce-PasswordToggle field-icon\"><i class=\"toggle-password fas fa-eye-slash\"><\/i><\/span>\n<\/p>\n\n<\/select>\n\t\n\t\n<\/p>\n<wc-order-attribution-inputs><\/wc-order-attribution-inputs><div class=\"woocommerce-privacy-policy-text\"><p>Tus datos personales se utilizar\u00e1n para procesar tu pedido, mejorar tu experiencia en esta web, gestionar el acceso a tu cuenta y otros prop\u00f3sitos descritos en nuestra <a href=\"https:\/\/inlingua-global.com\/politica-de-privacidad\/\" class=\"woocommerce-privacy-policy-link\" target=\"_blank\">pol\u00edtica de privadesa<\/a>.<\/p>\n<\/div>\n<p class=\"woocommerce-FormRow form-row\">\n\n<input type=\"hidden\" id=\"woocommerce-register-nonce\" name=\"woocommerce-register-nonce\" value=\"a80da48c90\" \/><input type=\"hidden\" name=\"_wp_http_referer\" value=\"\/ca\/wp-json\/wp\/v2\/pages\/14604\" \/>\n<button type=\"submit\" class=\"woocommerce-Button woocommerce-button button woocommerce-form-register__submit\" name=\"register\" value=\"Registra&#039;t\">Registra&#039;t<\/button>\n\n<\/p>\n    <p class=\"woocommerce-form-row woocommerce-form-row--wide form-row\">\n        Ja ets client? <a href=\"https:\/\/inlingua-global.com\/ca\/el-meu-compte\/\">Feu clic aqu\u00ed per accedir<\/a>\n    <\/p>\n\n<\/form>\n\n<!--\n\/************************************************************************************\/\n \/\/ script for client-side validation. \n\/************************************************************************************\/\n-->\n<script type=\"text\/javascript\"> \ndocument.addEventListener('DOMContentLoaded', function () {\n    var passwordField = document.getElementById('reg_password');\n    var form = document.querySelector('.woocommerce-form-register');\n\n    function checkPasswordStrength(password) {\n        var hasUpperCase = \/[A-Z]\/.test(password);\n        var hasSpecialChar = \/[\\W_]\/.test(password); \/\/ \\W matches any non-word character and _ is included as a special character\n        var minLength = 8;\n\n        return password.length >= minLength && hasUpperCase && hasSpecialChar;\n    }\n\n    form.addEventListener('submit', function (e) {\n        var password = passwordField.value;\n\n        if (!checkPasswordStrength(password)) {\n            e.preventDefault(); \/\/ Prevent form submission\n            alert('Password must be at least 8 characters long, include at least one uppercase letter, and one special character');\n            return false;\n        }\n    });\n});\n<\/script>\n\n\n\n\n<\/div><\/div><\/div><\/div><\/div><\/div><\/div><\/section>\n","protected":false},"excerpt":{"rendered":"Registro Necessitem les teves dades per connectar amb la prova de nivell. Nom * Cognoms * Adre\u00e7a de correu electr\u00f2nic * Contrasenya * Tus datos personales se utilizar\u00e1n para procesar tu pedido, mejorar tu experiencia en esta web, gestionar el acceso a tu cuenta y otros prop\u00f3sitos descritos en nuestra pol\u00edtica de privadesa. Registra&#039;t Ja...","protected":false},"author":1,"featured_media":0,"parent":0,"menu_order":0,"comment_status":"closed","ping_status":"closed","template":"","meta":{"footnotes":""},"class_list":["post-14604","page","type-page","status-publish","hentry"],"yoast_head":"<!-- This site is optimized with the Yoast SEO plugin v26.9 - https:\/\/yoast.com\/product\/yoast-seo-wordpress\/ -->\n<title>Enregistra - inlingua global<\/title>\n<meta name=\"robots\" content=\"index, follow, max-snippet:-1, max-image-preview:large, max-video-preview:-1\" \/>\n<link rel=\"canonical\" href=\"https:\/\/inlingua-global.com\/ca\/enregistra\/\" \/>\n<meta property=\"og:locale\" content=\"ca_ES\" \/>\n<meta property=\"og:type\" content=\"article\" \/>\n<meta property=\"og:title\" content=\"Enregistra - inlingua global\" \/>\n<meta property=\"og:url\" content=\"https:\/\/inlingua-global.com\/ca\/enregistra\/\" \/>\n<meta property=\"og:site_name\" content=\"inlingua global\" \/>\n<meta property=\"article:publisher\" content=\"https:\/\/www.facebook.com\/inlinguaglobal\" \/>\n<meta property=\"article:modified_time\" content=\"2025-12-15T13:02:35+00:00\" \/>\n<meta name=\"twitter:card\" content=\"summary_large_image\" \/>\n<script type=\"application\/ld+json\" class=\"yoast-schema-graph\">{\"@context\":\"https:\/\/schema.org\",\"@graph\":[{\"@type\":\"WebPage\",\"@id\":\"https:\/\/inlingua-global.com\/ca\/enregistra\/\",\"url\":\"https:\/\/inlingua-global.com\/ca\/enregistra\/\",\"name\":\"Enregistra - inlingua global\",\"isPartOf\":{\"@id\":\"https:\/\/inlingua-global.com\/#website\"},\"datePublished\":\"2023-08-15T15:36:34+00:00\",\"dateModified\":\"2025-12-15T13:02:35+00:00\",\"breadcrumb\":{\"@id\":\"https:\/\/inlingua-global.com\/ca\/enregistra\/#breadcrumb\"},\"inLanguage\":\"ca\",\"potentialAction\":[{\"@type\":\"ReadAction\",\"target\":[\"https:\/\/inlingua-global.com\/ca\/enregistra\/\"]}]},{\"@type\":\"BreadcrumbList\",\"@id\":\"https:\/\/inlingua-global.com\/ca\/enregistra\/#breadcrumb\",\"itemListElement\":[{\"@type\":\"ListItem\",\"position\":1,\"name\":\"Portada\",\"item\":\"https:\/\/inlingua-global.com\/ca\/\"},{\"@type\":\"ListItem\",\"position\":2,\"name\":\"Enregistra\"}]},{\"@type\":\"WebSite\",\"@id\":\"https:\/\/inlingua-global.com\/#website\",\"url\":\"https:\/\/inlingua-global.com\/\",\"name\":\"inlingua global\",\"description\":\"\",\"publisher\":{\"@id\":\"https:\/\/inlingua-global.com\/#organization\"},\"potentialAction\":[{\"@type\":\"SearchAction\",\"target\":{\"@type\":\"EntryPoint\",\"urlTemplate\":\"https:\/\/inlingua-global.com\/?s={search_term_string}\"},\"query-input\":{\"@type\":\"PropertyValueSpecification\",\"valueRequired\":true,\"valueName\":\"search_term_string\"}}],\"inLanguage\":\"ca\"},{\"@type\":\"Organization\",\"@id\":\"https:\/\/inlingua-global.com\/#organization\",\"name\":\"inlingua International Ltd.\",\"url\":\"https:\/\/inlingua-global.com\/\",\"logo\":{\"@type\":\"ImageObject\",\"inLanguage\":\"ca\",\"@id\":\"https:\/\/inlingua-global.com\/#\/schema\/logo\/image\/\",\"url\":\"https:\/\/inlingua-global.com\/wp-content\/uploads\/2023\/09\/logo-1.svg\",\"contentUrl\":\"https:\/\/inlingua-global.com\/wp-content\/uploads\/2023\/09\/logo-1.svg\",\"width\":\"1024\",\"height\":\"1024\",\"caption\":\"inlingua International Ltd.\"},\"image\":{\"@id\":\"https:\/\/inlingua-global.com\/#\/schema\/logo\/image\/\"},\"sameAs\":[\"https:\/\/www.facebook.com\/inlinguaglobal\",\"https:\/\/instagram.com\/inlingua.global\",\"https:\/\/youtube.com\/inlinguaglobal\",\"https:\/\/www.linkedin.com\/company\/inlingua-global\"]}]}<\/script>\n<!-- \/ Yoast SEO plugin. -->","yoast_head_json":{"title":"Enregistra - inlingua global","robots":{"index":"index","follow":"follow","max-snippet":"max-snippet:-1","max-image-preview":"max-image-preview:large","max-video-preview":"max-video-preview:-1"},"canonical":"https:\/\/inlingua-global.com\/ca\/enregistra\/","og_locale":"ca_ES","og_type":"article","og_title":"Enregistra - inlingua global","og_url":"https:\/\/inlingua-global.com\/ca\/enregistra\/","og_site_name":"inlingua global","article_publisher":"https:\/\/www.facebook.com\/inlinguaglobal","article_modified_time":"2025-12-15T13:02:35+00:00","twitter_card":"summary_large_image","schema":{"@context":"https:\/\/schema.org","@graph":[{"@type":"WebPage","@id":"https:\/\/inlingua-global.com\/ca\/enregistra\/","url":"https:\/\/inlingua-global.com\/ca\/enregistra\/","name":"Enregistra - inlingua global","isPartOf":{"@id":"https:\/\/inlingua-global.com\/#website"},"datePublished":"2023-08-15T15:36:34+00:00","dateModified":"2025-12-15T13:02:35+00:00","breadcrumb":{"@id":"https:\/\/inlingua-global.com\/ca\/enregistra\/#breadcrumb"},"inLanguage":"ca","potentialAction":[{"@type":"ReadAction","target":["https:\/\/inlingua-global.com\/ca\/enregistra\/"]}]},{"@type":"BreadcrumbList","@id":"https:\/\/inlingua-global.com\/ca\/enregistra\/#breadcrumb","itemListElement":[{"@type":"ListItem","position":1,"name":"Portada","item":"https:\/\/inlingua-global.com\/ca\/"},{"@type":"ListItem","position":2,"name":"Enregistra"}]},{"@type":"WebSite","@id":"https:\/\/inlingua-global.com\/#website","url":"https:\/\/inlingua-global.com\/","name":"inlingua global","description":"","publisher":{"@id":"https:\/\/inlingua-global.com\/#organization"},"potentialAction":[{"@type":"SearchAction","target":{"@type":"EntryPoint","urlTemplate":"https:\/\/inlingua-global.com\/?s={search_term_string}"},"query-input":{"@type":"PropertyValueSpecification","valueRequired":true,"valueName":"search_term_string"}}],"inLanguage":"ca"},{"@type":"Organization","@id":"https:\/\/inlingua-global.com\/#organization","name":"inlingua International Ltd.","url":"https:\/\/inlingua-global.com\/","logo":{"@type":"ImageObject","inLanguage":"ca","@id":"https:\/\/inlingua-global.com\/#\/schema\/logo\/image\/","url":"https:\/\/inlingua-global.com\/wp-content\/uploads\/2023\/09\/logo-1.svg","contentUrl":"https:\/\/inlingua-global.com\/wp-content\/uploads\/2023\/09\/logo-1.svg","width":"1024","height":"1024","caption":"inlingua International Ltd."},"image":{"@id":"https:\/\/inlingua-global.com\/#\/schema\/logo\/image\/"},"sameAs":["https:\/\/www.facebook.com\/inlinguaglobal","https:\/\/instagram.com\/inlingua.global","https:\/\/youtube.com\/inlinguaglobal","https:\/\/www.linkedin.com\/company\/inlingua-global"]}]}},"_links":{"self":[{"href":"https:\/\/inlingua-global.com\/ca\/wp-json\/wp\/v2\/pages\/14604","targetHints":{"allow":["GET"]}}],"collection":[{"href":"https:\/\/inlingua-global.com\/ca\/wp-json\/wp\/v2\/pages"}],"about":[{"href":"https:\/\/inlingua-global.com\/ca\/wp-json\/wp\/v2\/types\/page"}],"author":[{"embeddable":true,"href":"https:\/\/inlingua-global.com\/ca\/wp-json\/wp\/v2\/users\/1"}],"replies":[{"embeddable":true,"href":"https:\/\/inlingua-global.com\/ca\/wp-json\/wp\/v2\/comments?post=14604"}],"version-history":[{"count":3,"href":"https:\/\/inlingua-global.com\/ca\/wp-json\/wp\/v2\/pages\/14604\/revisions"}],"predecessor-version":[{"id":16776,"href":"https:\/\/inlingua-global.com\/ca\/wp-json\/wp\/v2\/pages\/14604\/revisions\/16776"}],"wp:attachment":[{"href":"https:\/\/inlingua-global.com\/ca\/wp-json\/wp\/v2\/media?parent=14604"}],"curies":[{"name":"wp","href":"https:\/\/api.w.org\/{rel}","templated":true}]}}